{"id":5579,"date":"2026-01-20T20:31:56","date_gmt":"2026-01-20T18:31:56","guid":{"rendered":"https:\/\/www.makershop.fi\/?post_type=product&#038;p=5579"},"modified":"2026-03-10T16:20:26","modified_gmt":"2026-03-10T14:20:26","slug":"makershop-core","status":"publish","type":"product","link":"https:\/\/www.makershop.fi\/fi\/tuotteet\/kotiautomaatio\/makershop\/makershop-core\/","title":{"rendered":"MakerShop Core *TULOSSA*"},"content":{"rendered":"<p>MakerShop Core on Home Assistant \/ ESPHome ymp\u00e4rist\u00f6ss\u00e4 k\u00e4ytett\u00e4v\u00e4ksi suunniteltu, ESP32-C5 mikrokontrolleriin perustuva DIN-kiskoon asennettava PLC-moduuli.<\/p>\n<p>Moduuli k\u00e4ytt\u00e4\u00e4 ESP32-C5-WROOM-1U-N8-R8 mikrokontrolleria. Lis\u00e4ksi moduulin sis\u00e4\u00e4n on mahdollista asentaa esim. Raspberry Pi tai muu SBC-levy, jolloin siin\u00e4 pystyy py\u00f6ritt\u00e4m\u00e4\u00e4n vaikka Home Assistant-j\u00e4rjestelm\u00e4\u00e4 jolloin erillist\u00e4 tietokonetta ei v\u00e4ltt\u00e4m\u00e4tt\u00e4 tarvitse sit\u00e4 varten hankkia.<\/p>\n<p>Optiona laitteeseen saa 433\/868MHz LoRa:n, jolla se voidaan yhdist\u00e4\u00e4 Home Assistanttiin LoRa-yhteytt\u00e4 tukevan tukiaseman kautta ja LTE-yhteyden, joka mahdollistaa arvojen l\u00e4hetyksen omaan pilveen ja\/tai kotona olevaan j\u00e4rjestelm\u00e4\u00e4n vaikka m\u00f6kilt\u00e4.<\/p>\n<p>Moduuli on my\u00f6s laajennettavissa MakerShop Core Extender-moduulilla jota p\u00e4\u00e4yksikk\u00f6 ohjaa ja jolla saa lis\u00e4\u00e4 I\/O:ta k\u00e4ytt\u00f6\u00f6n.<\/p>\n<p><strong>Speksit:<\/strong><\/p>\n<ul>\n<li>ESP32-C5 Mikrokontrolleri (ESP32-C5-WROOM-1U-N8-R8)<\/li>\n<li>32-bit RISC-V 240MHz<\/li>\n<li>2.4GHz and 5 GHz dual-band Wi-Fi 6<\/li>\n<li>Bluetooth 5 (LE), Zigbee ja Thread (802.15.4)<\/li>\n<li>Flash 8MB<\/li>\n<li>RAM 8MB<\/li>\n<\/ul>\n<p><strong>Yhteydet:<\/strong><\/p>\n<ul>\n<li>WiFi 6 dual band, 2.4GHz ja 5GHz<\/li>\n<li>Bluetooth 5 (LE), Zigbee ja Thread (802.15.4)<\/li>\n<li>Ethernet<\/li>\n<li>LoRa (optio)<\/li>\n<li>LTE (optio)<\/li>\n<\/ul>\n<p><strong>I\/O:t<\/strong><\/p>\n<ul>\n<li>xx 0-10V sis\u00e4\u00e4ntuloa<\/li>\n<li>xx 0-10V ohjausl\u00e4ht\u00f6\u00e4<\/li>\n<li>xx 24V sis\u00e4\u00e4ntuloa<\/li>\n<li>xx 24V ohjausl\u00e4ht\u00f6\u00e4<\/li>\n<li>xx 230 VAC relel\u00e4ht\u00f6\u00e4<\/li>\n<\/ul>\n<p><strong>Virransy\u00f6tt\u00f6:<\/strong><\/p>\n<ul>\n<li>110-230 VAC<\/li>\n<li>24VDC<\/li>\n<li>POE+<\/li>\n<\/ul>\n<p>Tuotetietoja p\u00e4ivitet\u00e4\u00e4n ja tarkennetaan my\u00f6s viel\u00e4 ja ohjeita ym. lis\u00e4ill\u00e4\u00e4n. Mit\u00e4 tahansa kysymyksi\u00e4 ilmenee, olethan yhteydess\u00e4 info@makershop.fi<\/p>\n<p>&nbsp;<\/p>\n<p><strong>HUOM! Toistaiseksi ominaisuudet ja hinta ovat hieman suuntaa-antavia ja saattavat muuttua kun j\u00e4rjestelm\u00e4n suunnittelu ja testaus on saatu p\u00e4\u00e4t\u00f6kseen!<\/strong><\/p>\n","protected":false},"excerpt":{"rendered":"<p>MakerShop Core on Home Assistant \/ ESPHome ymp\u00e4rist\u00f6ss\u00e4 k\u00e4ytett\u00e4v\u00e4ksi suunniteltu, ESP32-C5 mikrokontrolleriin perustuva DIN-kiskoon asennettava PLC-moduuli. Moduuli k\u00e4ytt\u00e4\u00e4 ESP32-C5-WROOM-1U-N8-R8 mikrokontrolleria. Lis\u00e4ksi moduulin sis\u00e4\u00e4n on mahdollista asentaa esim. Raspberry Pi tai muu SBC-levy, jolloin siin\u00e4 pystyy py\u00f6ritt\u00e4m\u00e4\u00e4n vaikka Home Assistant-j\u00e4rjestelm\u00e4\u00e4 jolloin erillist\u00e4 tietokonetta ei v\u00e4ltt\u00e4m\u00e4tt\u00e4 tarvitse sit\u00e4 varten hankkia. Optiona laitteeseen saa 433\/868MHz LoRa:n, jolla se [&hellip;]<\/p>\n","protected":false},"featured_media":5587,"comment_status":"open","ping_status":"closed","template":"","meta":{"saved_in_kubio":false},"product_brand":[],"product_cat":[301],"product_tag":[],"class_list":{"0":"post-5579","1":"product","2":"type-product","3":"status-publish","4":"has-post-thumbnail","6":"product_cat-makershop","8":"first","9":"outofstock","10":"taxable","11":"shipping-taxable","12":"purchasable","13":"product-type-simple"},"_links":{"self":[{"href":"https:\/\/www.makershop.fi\/fi\/wp-json\/wp\/v2\/product\/5579","targetHints":{"allow":["GET"]}}],"collection":[{"href":"https:\/\/www.makershop.fi\/fi\/wp-json\/wp\/v2\/product"}],"about":[{"href":"https:\/\/www.makershop.fi\/fi\/wp-json\/wp\/v2\/types\/product"}],"replies":[{"embeddable":true,"href":"https:\/\/www.makershop.fi\/fi\/wp-json\/wp\/v2\/comments?post=5579"}],"wp:featuredmedia":[{"embeddable":true,"href":"https:\/\/www.makershop.fi\/fi\/wp-json\/wp\/v2\/media\/5587"}],"wp:attachment":[{"href":"https:\/\/www.makershop.fi\/fi\/wp-json\/wp\/v2\/media?parent=5579"}],"wp:term":[{"taxonomy":"product_brand","embeddable":true,"href":"https:\/\/www.makershop.fi\/fi\/wp-json\/wp\/v2\/product_brand?post=5579"},{"taxonomy":"product_cat","embeddable":true,"href":"https:\/\/www.makershop.fi\/fi\/wp-json\/wp\/v2\/product_cat?post=5579"},{"taxonomy":"product_tag","embeddable":true,"href":"https:\/\/www.makershop.fi\/fi\/wp-json\/wp\/v2\/product_tag?post=5579"}],"curies":[{"name":"wp","href":"https:\/\/api.w.org\/{rel}","templated":true}]}}