{"id":360,"date":"2022-04-02T12:33:43","date_gmt":"2022-04-02T10:33:43","guid":{"rendered":"https:\/\/www.makershop.fi\/?page_id=360"},"modified":"2026-01-29T14:49:09","modified_gmt":"2026-01-29T12:49:09","slug":"kayttoehdot","status":"publish","type":"page","link":"https:\/\/www.makershop.fi\/fi\/kayttoehdot\/","title":{"rendered":"K\u00e4ytt\u00f6ehdot"},"content":{"rendered":"\n<p>Lue my\u00f6s&nbsp;&nbsp;<a href=\"https:\/\/www.makershop.fi\/fi\/terms-of-delivery\/\" target=\"_blank\" rel=\"noreferrer noopener\">Toimitusehdot<\/a>&nbsp;sek\u00e4&nbsp;<a href=\"https:\/\/www.makershop.fi\/fi\/privacy-policy\/\" target=\"_blank\" rel=\"noreferrer noopener\">Tietosuojaseloste<\/a><br><br>Seuraavia ehtoja sovelletaan MakersShopin ja sen asiakkaiden v\u00e4lisess\u00e4 verkkokaupank\u00e4ynniss\u00e4. Myymme elektroniikan komponentteja p\u00e4\u00e4asiassa yrityksille ja yksityishenkil\u00f6ille. Olemme sitoutuneet noudattamaan toiminnassamme hyv\u00e4\u00e4 kauppatapaa sek\u00e4 s\u00e4hk\u00f6isest\u00e4 kaupank\u00e4ynnist\u00e4, postimyynnist\u00e4 ja kuluttajakaupasta s\u00e4\u00e4dettyj\u00e4 lakeja.<br><br><strong>1. Rekister\u00f6ityminen<\/strong><br><br>Tilauksen j\u00e4tt\u00e4minen verkkokaupan kautta ei edellyt\u00e4 verkkokauppaan rekister\u00f6itymist\u00e4. Tilauksen k\u00e4sittelyn kannalta asiakkaan pit\u00e4\u00e4&nbsp;antaa&nbsp;rekister\u00f6itymist\u00e4 vastaavat tiedot tilauksen j\u00e4t\u00f6n yhteydess\u00e4 MakersShopin k\u00e4ytt\u00f6\u00f6n. T\u00e4ll\u00f6in tietoja k\u00e4ytet\u00e4\u00e4n ainoastaan j\u00e4tetyn kertatilauksen k\u00e4sittelyyn.<br><br>Asiakkaan rekister\u00f6ityess\u00e4 verkkokauppaan t\u00e4m\u00e4n tulee antaa seuraavat tiedot MakersShopin&nbsp;verkkokauppaan ja asiakasrekisteriin:<\/p>\n\n\n\n<ul class=\"wp-block-list\">\n<li>yritysasiakkaana yrityksen k\u00e4yt\u00f6ss\u00e4 oleva s\u00e4hk\u00f6postiosoite, yrityksen nimi, oma nimi, puhelinnumero, toimitus- ja laskutusosoitteet ja muut&nbsp; tarvittavat tiedot<\/li>\n\n\n\n<li>yksityishenkil\u00f6n\u00e4 omassa k\u00e4yt\u00f6ss\u00e4 oleva s\u00e4hk\u00f6postiosoite, oma nimi sek\u00e4 osoite ja puhelinnumero<\/li>\n\n\n\n<li>asiakas antaa suostumuksensa, ett\u00e4 MakersShop&nbsp;rekister\u00f6i henkil\u00f6tiedot asiakasrekisteriins\u00e4<\/li>\n<\/ul>\n\n\n\n<p>MakersShopin&nbsp;asiakastiedot ovat luottamuksellisia. Sitoudumme olemaan luovuttamatta asiakastietoja&nbsp;j\u00e4rjestelm\u00e4n kannalta riippumattomille osapuolille.<br><br><strong>2. Tilauksen sitovuus<\/strong><br><br>Verkkokaupank\u00e4ynniss\u00e4 yhteydenpito osapuolten v\u00e4lill\u00e4 tapahtuu joko s\u00e4hk\u00f6postitse tai puhelimitse. Asiakas sitoutuu tilauksensa tehty\u00e4\u00e4n tarkkailemaan s\u00e4hk\u00f6postiaan tilausvahvistuksen vastaanottamiseksi.<br><br>Asiakkaalla on oikeus s\u00e4hk\u00f6postitse tai puhelimitse ennen tilauksen toimitusta peruuttaa koko tilaus tai osia tilauksesta. Toimitus on tapahtunut, kun asiakkaalle on toimitettu osa tilauksesta tai ilmoitus, ett\u00e4 tilaus on noudettavissa.<br><br>Asiakas sitoutuu jokaisen tilauksen yhteydess\u00e4 voimassa oleviin sopimus- ja toimitusehtoihin, jotka on kerrottu erikseen kohdassa Toimitusehdot.<br><br>Asiakkaan tilauksen tekemisen j\u00e4lkeen ei MakersShopilla ole oikeutta muuttaa sopimusehtoja.<br><br><strong>3. Tuotetiedot<\/strong><br><br>Emme vastaa tuotetietojen ja -kuvien oikeellisuudesta.<br><br>Emme vastaa tuotteen k\u00e4ytt\u00f6virheen aiheuttamista vahingoista.<br><br><strong>4. Hinnoittelu<\/strong><br><br>Voimassaolevat hinnat ovat&nbsp;verkkokaupassa ilmoitetut hinnat euroissa (EUR). Hinnat sis\u00e4lt\u00e4v\u00e4t&nbsp;arvonlis\u00e4veron.<br><br>K\u00e4yt\u00f6ss\u00e4 olevat alennuskoodit ja kupongit ovat voimassa ainoastaan verkkokauppatilauksilla. Kuponkeja koskevat mahdolliset rajoitukset mainitaan erikseen.<br><br>Tilaukseen lis\u00e4t\u00e4\u00e4n toimitustapakohtaiset&nbsp;toimituskulut. Noudettaessa MakersShopilta&nbsp;tilaukseen ei lis\u00e4t\u00e4 noudosta johtuvia lis\u00e4kuluja. MakersShop&nbsp;pid\u00e4tt\u00e4\u00e4 oikeuden toimituskulujen muutoksiin tilauksen k\u00e4sittelyn yhteydess\u00e4.<br><br><strong>5. Toimitus<\/strong><br><br>Mik\u00e4li tuotetta on varastossamme, sen arvioitu toimitusaika on&nbsp;yhdest\u00e4 kolmeen&nbsp;(1-3) ty\u00f6p\u00e4iv\u00e4\u00e4. Joillakin erikois- tai uutuustuotteita voi olla pidempi toimitusaika. Ilmoitamme erikseen mik\u00e4li&nbsp;tilauksen k\u00e4sittelyaika on enemm\u00e4n kuin&nbsp;5 ty\u00f6p\u00e4iv\u00e4\u00e4.<br><br>Mik\u00e4li tuote halutaan ehdottomasti tiettyyn p\u00e4iv\u00e4\u00e4n menness\u00e4, on siit\u00e4 mainittava erikseen tilauksen teon yhteydess\u00e4 tilauksen viestikent\u00e4ss\u00e4.<br><br>Mik\u00e4li asiakas ostaa tuotteita, joille MakersShop&nbsp;on ilmoittanut eri toimitusajat, toimitetaan tilaus asiakkaan toiveiden mukaisesti mahdollisesti useammassa er\u00e4ss\u00e4.<br><br>Kaikki MakerShopin toimitukset tapahtuvat l\u00e4ht\u00f6kohtaisesti Suomen Postin v\u00e4lityksell\u00e4.<br><br>Tuotepalautuksista tulee aina sopia etuk\u00e4teen MakersShopin kanssa ennen tuotteiden palauttamista.<br><br>Asiakkaalla on oikeus peruuttaa noutotilaus miss\u00e4 tahansa vaiheessa, my\u00f6s silloin kun tilaus on jo k\u00e4sitelty. Mik\u00e4li asiakas ei aio noutaa\/lunastaa tilaustaan, tulee h\u00e4nen kuitenkin ilmoittaa siit\u00e4 myyj\u00e4lle.<br><br>Asiakkaalla on oikeus saada hyvitys ennakkomaksetulta tilaukselta niiden tuotteiden osalta joiden toimitusaika on kohtuuttoman pitk\u00e4. MakersShop&nbsp;pid\u00e4tt\u00e4\u00e4 oikeuden suorittaa pelk\u00e4st\u00e4\u00e4n kokonaistoimitus yhden kuukauden sis\u00e4ll\u00e4 tilauksen j\u00e4t\u00f6st\u00e4. Kuukautta pidemmilt\u00e4 toimitusajoilta asiakkaalla on oikeus saada ennakkomaksetun tilauksen j\u00e4lkitoimitus ilman erilliskuluja, mik\u00e4li toimitusaikaa ei ole saatettu asiakkaan tietoon ennen verkkokaupan tilausvahvistusvaihetta.<br><br><strong>6. Maksuehdot<\/strong><\/p>\n\n\n\n<p>Maksupalvelutarjoaja<\/p>\n\n\n\n<p>Maksunv\u00e4lityspalvelun toteuttajana ja maksupalveluntarjoajana toimii Klarna Oy (2247127-6) yhteisty\u00f6ss\u00e4 suomalaisten pankkien kanssa. Klarna Oy n\u00e4kyy maksun saajana tiliotteella tai korttilaskulla ja v\u00e4litt\u00e4\u00e4 maksun kauppiaalle. Klarna Oy:ll\u00e4 on maksulaitoksen toimilupa. Reklamaatiotapauksissa pyyd\u00e4mme ottamaan ensisijaisesti yhteytt\u00e4 tuotteen toimittajaan.<\/p>\n\n\n\n<p>Klarna Bank AB (publ), SE-556737-0431<br>Klarna Oy, y-tunnus: 2247127-6<br>PL 39<br>00100 Helsinki<br>Finland<br><a href=\"https:\/\/www.klarna.com\/fi\/\" target=\"_blank\" rel=\"noreferrer noopener\">https:\/\/www.klarna.com\/fi\/<\/a><\/p>\n\n\n\n<p><strong>7. Palautukset<\/strong><br><br>Asiakkaalla on oikeus palauttaa k\u00e4ytt\u00e4m\u00e4tt\u00f6m\u00e4t tuotteet nelj\u00e4ntoista (14) p\u00e4iv\u00e4n kuluessa tuotteen \/ tuotteiden vastaanottamisesta, vastaanottamisp\u00e4iv\u00e4 poislukien. Palautettavan tuotteen ja tuotepakkauksen tulee olla olennaisesti samassa kunnossa kuin sit\u00e4 vastaanotettaessa.<br><br>Asiakkaan tulee tehd\u00e4 palautusilmoitus puhelimitse tai s\u00e4hk\u00f6postitse osoitteeseen\u00a0info@makershop.fi ENNEN tuotteen palauttamista. Palautukset l\u00e4hetet\u00e4\u00e4n alla olevaan osoitteeseen:<br><br>MakerShop<br>Ihastj\u00e4rventie 40 B<br>50970 Mikkeli, Finland.<br><br>Palautukset tulee tehd\u00e4 Postitse tai tuomalla tuote myym\u00e4l\u00e4\u00e4n.<br><br>Aiheettomista palautuksista veloitamme kulut asiakkaalta. Viallisen tuotteen\/osan etsiminen osapaketista on my\u00f6s erillinen maksullinen palvelu.<br><br>Puutteellisesti palautetut tai takuuhuoltoon l\u00e4hetetyt tuotteet (katso ohjeet yll\u00e4) l\u00e4het\u00e4mme asiakkaan kustannuksella takaisin.<br><br>Palautusoikeus on aina tuotekohtainen eik\u00e4 toisen tuotteen toimituksen mahdollinen my\u00f6h\u00e4styminen oikeuta saamaan toiselle tuotteelle pidemp\u00e4\u00e4 palautusaikaa.<br><br>K\u00e4ytetyill\u00e4 tai k\u00e4ytt\u00f6\u00f6notetuilla tuotteilla ei ole palautusoikeutta.<br><br><strong>8. Kuljetuksessa rikkoutuneet l\u00e4hetykset<\/strong><br><br>Toisinaan voi k\u00e4yd\u00e4 niin, ett\u00e4 huolellisesta pakkaamisesta huolimatta postikuljetuksen yhteydess\u00e4 paketit voivat vaurioitua. Siksi on hyv\u00e4 jo pakettia noudettaessa tarkistaa sen kunto Postin virkailijan l\u00e4sn\u00e4ollessa. Mik\u00e4li paketti on vaurioitunut kuljetuksessa ja mik\u00e4li my\u00f6s tilattu tuote\/tuotteet ovat vaurioituneet, tee Postissa heti vahinkokilmoitus. T\u00e4m\u00e4n j\u00e4lkeen ota yhteytt\u00e4 asiakaspalveluumme.<br><br><strong>9. Reklamaatio<\/strong><br><br>Mik\u00e4li asiakkaalle on toimitettu v\u00e4\u00e4r\u00e4 tuote, tuote on vaurioitunut tms., tulee asiakkaan ilmoittaa asiasta kohtuullisessa ajassa MakersShopille puhelimitse tai s\u00e4hk\u00f6postitse osoitteeseen info@makershop.fi. Virheellinen toimitus palautetaan MakersShopin\u00a0antamien ohjeiden mukaisesti (kohta 7). Palauttaminen tapahtuu reklamaation tekemisen j\u00e4lkeen. Saatuaan palautetun tavaran, MakersShop\u00a0palauttaa jo mahdollisesti maksetun kauppahinnan viipym\u00e4tt\u00e4 asiakkaalle.<br><br><strong>10. Ylivoimainen este (Force majeure)<\/strong><br><br>MakersShop\u00a0ei vastaa siit\u00e4, ett\u00e4 tilauksen toimitus estyy, vaikeutuu tai my\u00f6h\u00e4styy MakersShopin vaikutusmahdollisuuksien ulkopuolella olevasta seikasta, kuten sodasta, luonnonmullistuksesta, vienti- tai tuontikiellosta, viranomaisen p\u00e4\u00e4t\u00f6ksest\u00e4, yleisen liikenteen h\u00e4iriintymisest\u00e4 tai muusta vastaavasta MakersShopin toimintaa vaikeuttavasta tai est\u00e4v\u00e4st\u00e4 tekij\u00e4st\u00e4.<br><br><strong>11. Riitojen ratkisu<\/strong><br><br>T\u00e4st\u00e4 verkkokauppasopimuksesta aiheutuviin riitoihin ja erimielisyyksiin sovelletaan hyvi\u00e4 kaupank\u00e4ynnin tapoja sek\u00e4 tarvittaessa Suomen lakia. Mahdolliset erimielisyydet pyrit\u00e4\u00e4n AINA ratkaisemaan ilman kuluttaja-asiamiest\u00e4 tai k\u00e4r\u00e4j\u00e4oikeutta.<br><br>Jos kauppasopimusta koskevaa erimielisyytt\u00e4 ei saada ratkaistuksi osapuolten v\u00e4lisill\u00e4 neuvotteluilla, kuluttaja voi saattaa asian kuluttajariitalautakunnan (www.kuluttajariita.fi) ratkaistavaksi. Ennen asian viemist\u00e4 kuluttajariitalautakunnan k\u00e4sittelyyn kuluttajan tulee olla yhteydess\u00e4 maistraattien kuluttajaneuvontaan (www.kuluttajaneuvonta.fi).<\/p>\n","protected":false},"excerpt":{"rendered":"<p>Lue my\u00f6s&nbsp;&nbsp;Toimitusehdot&nbsp;sek\u00e4&nbsp;Tietosuojaseloste Seuraavia ehtoja sovelletaan MakersShopin ja sen asiakkaiden v\u00e4lisess\u00e4 verkkokaupank\u00e4ynniss\u00e4. Myymme elektroniikan komponentteja p\u00e4\u00e4asiassa yrityksille ja yksityishenkil\u00f6ille. Olemme sitoutuneet noudattamaan toiminnassamme hyv\u00e4\u00e4 kauppatapaa sek\u00e4 s\u00e4hk\u00f6isest\u00e4 kaupank\u00e4ynnist\u00e4, postimyynnist\u00e4 ja kuluttajakaupasta s\u00e4\u00e4dettyj\u00e4 lakeja. 1. Rekister\u00f6ityminen Tilauksen j\u00e4tt\u00e4minen verkkokaupan kautta ei edellyt\u00e4 verkkokauppaan rekister\u00f6itymist\u00e4. Tilauksen k\u00e4sittelyn kannalta asiakkaan pit\u00e4\u00e4&nbsp;antaa&nbsp;rekister\u00f6itymist\u00e4 vastaavat tiedot tilauksen j\u00e4t\u00f6n yhteydess\u00e4 MakersShopin k\u00e4ytt\u00f6\u00f6n. T\u00e4ll\u00f6in [&hellip;]<\/p>\n","protected":false},"author":1,"featured_media":0,"parent":0,"menu_order":0,"comment_status":"closed","ping_status":"closed","template":"","meta":{"saved_in_kubio":true,"footnotes":""},"class_list":["post-360","page","type-page","status-publish","hentry"],"kubio_ai_page_context":{"short_desc":"","purpose":"general"},"_links":{"self":[{"href":"https:\/\/www.makershop.fi\/fi\/wp-json\/wp\/v2\/pages\/360","targetHints":{"allow":["GET"]}}],"collection":[{"href":"https:\/\/www.makershop.fi\/fi\/wp-json\/wp\/v2\/pages"}],"about":[{"href":"https:\/\/www.makershop.fi\/fi\/wp-json\/wp\/v2\/types\/page"}],"author":[{"embeddable":true,"href":"https:\/\/www.makershop.fi\/fi\/wp-json\/wp\/v2\/users\/1"}],"replies":[{"embeddable":true,"href":"https:\/\/www.makershop.fi\/fi\/wp-json\/wp\/v2\/comments?post=360"}],"version-history":[{"count":24,"href":"https:\/\/www.makershop.fi\/fi\/wp-json\/wp\/v2\/pages\/360\/revisions"}],"predecessor-version":[{"id":5633,"href":"https:\/\/www.makershop.fi\/fi\/wp-json\/wp\/v2\/pages\/360\/revisions\/5633"}],"wp:attachment":[{"href":"https:\/\/www.makershop.fi\/fi\/wp-json\/wp\/v2\/media?parent=360"}],"curies":[{"name":"wp","href":"https:\/\/api.w.org\/{rel}","templated":true}]}}