{"id":1507,"date":"2023-11-02T17:26:27","date_gmt":"2023-11-02T15:26:27","guid":{"rendered":"https:\/\/www.makershop.fi\/?page_id=1507"},"modified":"2026-01-29T14:47:53","modified_gmt":"2026-01-29T12:47:53","slug":"tietosuojaseloste","status":"publish","type":"page","link":"https:\/\/www.makershop.fi\/fi\/tietosuojaseloste\/","title":{"rendered":"Tietosuojaseloste"},"content":{"rendered":"\n<p><strong>Laadittu 28.10.<\/strong><strong>2023<\/strong><\/p>\n\n\n\n<p>T\u00e4ll\u00e4 tietosuojaselosteella informoimme asiakkaitamme heid\u00e4n henkil\u00f6tietojensa k\u00e4sittelyst\u00e4. Asiakkaan on luettava ja ymm\u00e4rrett\u00e4v\u00e4 t\u00e4m\u00e4n tietosuojaselosteen ehdot k\u00e4ytt\u00e4\u00e4kseen MakerShopin palveluita.<\/p>\n\n\n\n<p><strong>1. Rekisterinpit\u00e4j\u00e4<\/strong><\/p>\n\n\n\n<p>MakersShop<br>Ihastj\u00e4rventie 40 B<br>50970 Mikkeli, Finland<br>puh: +358405597100<br>email: info@makershop.fi<\/p>\n\n\n\n<p><strong>2. Rekisteriasioita hoitava taho<\/strong><\/p>\n\n\n\n<p>MakersShop<br>Ihastj\u00e4rventie 40 B<br>50970 Mikkeli, Finland<br>puh: +358405597100<br>email: info@makershop.fi<\/p>\n\n\n\n<p><strong>3. Rekisterin nimi<\/strong><\/p>\n\n\n\n<p>MakersShop&nbsp;myyntitilaus- ja asiakasrekisteri.<\/p>\n\n\n\n<p><strong>4. Rekisterin k\u00e4ytt\u00f6tarkoitus<\/strong><\/p>\n\n\n\n<p>Rekisterin tietoja k\u00e4ytet\u00e4\u00e4n tilausten sek\u00e4 asiakassuhteen hoitamiseen. Tietoja ei luovuteta eteenp\u00e4in kolmansille osapuolille paitsi jos asiakas on antanut t\u00e4h\u00e4n erikseen luvan.&nbsp;Tilaamalla uutiskirjeen&nbsp;asiakas antaa luvan l\u00e4hett\u00e4\u00e4 suoramarkkinointikirjelmi\u00e4 kyseess\u00e4 olevaan s\u00e4hk\u00f6postiosoitteeseen.<\/p>\n\n\n\n<p>Rekisteriss\u00e4 k\u00e4sitelt\u00e4vi\u00e4 tilaus- ja asiointitietoja voidaan k\u00e4ytt\u00e4\u00e4 profilointiin ja markkinointitoimenpiteiden sek\u00e4 asiakasviestinn\u00e4n kohdentamiseksi rekister\u00f6ity\u00e4 kiinnostavaksi.<\/p>\n\n\n\n<p><strong>5. Rekisterin tietosis\u00e4lt\u00f6<\/strong><\/p>\n\n\n\n<p>Myyntitilausten k\u00e4sittelyyn liittyv\u00e4t tiedot tallentuvat verkkokauppaan ja\/tai laskutusj\u00e4rjestelm\u00e4\u00e4n. Kirjautumattomana tehtyjen verkkokauppatilausten tietoja s\u00e4ilytet\u00e4\u00e4n kuten rekister\u00f6ityneidenkin. Myym\u00e4l\u00e4ss\u00e4 maksamisen yhteydess\u00e4 ei tallenneta luottokortti- tai pankkitietoja. Verkkokaupan maksutapahtuman tiedot tallentuvat maksunv\u00e4litysoperaattorin tai t\u00e4m\u00e4n v\u00e4litt\u00e4mien tahojen tietoj\u00e4rjestelmiin.<\/p>\n\n\n\n<p>Asiakasrekisterin tiedot: etunimi, sukunimi, yrityksen nimi, yhteystiedot, kuten s\u00e4hk\u00f6postiosoite, postiosoite, puhelinnumero. Lis\u00e4ksi ryhm\u00e4tietoja liittyen yriyksen toimialaan ja maksutapoihin. Markkinointilupa.<\/p>\n\n\n\n<p>Myyntitilausrekisterin tiedot: toimitukseen ja laskutukseen liittyv\u00e4t osoite- ja tapatiedot. Lis\u00e4ksi myyntitilauksella olevat tuotteet hintoineen sek\u00e4 tilaushistoria.<\/p>\n\n\n\n<p>Verkkokaupasta ev\u00e4steiden avulla tai muuten ker\u00e4tt\u00e4v\u00e4t tekniset tiedot: IP-osoite, selaintyyppi, vierailuaika.<\/p>\n\n\n\n<p>Henkil\u00f6tietoja myyntitilaushistorian&nbsp;muodossa s\u00e4ilytet\u00e4\u00e4n niin kauan kuin s\u00e4ilytt\u00e4misen oikeudellinen peruste pit\u00e4\u00e4 kirjanpitolain sanelemana kymmenen vuotta tai niin kauan kuin takuu ja reklamaatioasioiden hoitamiseen tarvitsee varata.<\/p>\n\n\n\n<p>Rekister\u00f6ityjen mutta ilman tilaushistoriaa olevien verkkokauppa-asiakkaiden henkil\u00f6tiedot poistetaan pyydett\u00e4ess\u00e4 tai viimeist\u00e4\u00e4n kahden vuoden kuluessa rekister\u00f6innist\u00e4.<\/p>\n\n\n\n<p><strong>6. S\u00e4\u00e4nn\u00f6nmukaiset tietol\u00e4hteet<\/strong><\/p>\n\n\n\n<p>P\u00e4\u00e4asiassa asiakkaan asiointi verkkokaupassa, s\u00e4hk\u00f6postitse, puhelimitse tai k\u00e4ynti myym\u00e4l\u00e4ss\u00e4. Lis\u00e4ksi laskutuksen tietokanta, asiakkuuden hallinta- ja asiakaspalveluj\u00e4rjestelm\u00e4t, uutiskirjeiden k\u00e4ytt\u00f6tiedot, yritystietoja tarjoavat yritykset ja viranomaiset.<\/p>\n\n\n\n<p>Edell\u00e4 sanotun lis\u00e4ksi&nbsp;voimme ker\u00e4t\u00e4 verkkosivujen k\u00e4ytt\u00e4jist\u00e4 analytiikkaty\u00f6kalujen avulla anonymisoitua k\u00e4ytt\u00e4j\u00e4dataa. Varaamme my\u00f6s oikeuden k\u00e4ytt\u00e4\u00e4 verkkosivuilla ev\u00e4steit\u00e4, jotka k\u00e4ytt\u00e4j\u00e4 voi kielt\u00e4\u00e4 selaimensa asetuksista.<\/p>\n\n\n\n<p><strong>7. S\u00e4\u00e4nn\u00f6nmukaiset tietojen luovutukset ja tietojen siirto EU:n tai euroopan talousalueen ulkopuolelle<\/strong><\/p>\n\n\n\n<p>Asiakasrekisterist\u00e4 ei luovuteta tietoja k\u00e4sittelyyn riippumattomille tahoille.&nbsp;Tiedot pidet\u00e4\u00e4n&nbsp;niiden k\u00e4sittelyyn liittyviss\u00e4 tietoj\u00e4rjestelmiss\u00e4 jotka sijaitsevat EU-alueen sis\u00e4puolella. Tietoja luovutetaan ainoastaan sopimuskumppaneille ainoastaan mik\u00e4li toimitusten ja palvelun tekninen toteutus sit\u00e4 vaatii.<\/p>\n\n\n\n<p>Sivustok\u00e4yt\u00f6n seuranta Google Analytics avulla tarkoittaa sit\u00e4, ett\u00e4 seurantatietoja voi p\u00e4\u00e4ty\u00e4 EU-alueen ulkopuolelle. N\u00e4m\u00e4 tiedot ei pid\u00e4 sis\u00e4ll\u00e4\u00e4n IP-osoitteita tai vastaavia henkil\u00f6tietoja.<\/p>\n\n\n\n<p><strong>8. Suojauksen periaatteet<\/strong><\/p>\n\n\n\n<p><strong>8.1. Manuaalinen aineisto<\/strong><\/p>\n\n\n\n<p>Manuaalista aineistoa syntyy myyntitilausten k\u00e4sittelyn yhteydess\u00e4 tulosteiden muodossa. S\u00e4ilytyst\u00e4 vaativat aineistot s\u00e4ilytet\u00e4\u00e4n lukituissa tiloissa.&nbsp;Aineistot tuhotaan asianmukaisesti k\u00e4sittelyn tarpeen ja arkistointiajan p\u00e4\u00e4tytty\u00e4.<\/p>\n\n\n\n<p><strong>8.2. S\u00e4hk\u00f6inen aineisto<\/strong><\/p>\n\n\n\n<p>Tietojen tallennus ja k\u00e4sittely tapahtuu suojatun SSL-yhteyden ylitse. Tietoja ei&nbsp;pidet\u00e4 tietokannoissa erikseen salattuina (paitsi&nbsp;salasanat)&nbsp;mutta p\u00e4\u00e4sy tietoihin edellytt\u00e4\u00e4 k\u00e4ytt\u00f6liittym\u00e4\u00e4n sy\u00f6tetty\u00e4 k\u00e4ytt\u00e4j\u00e4tunnusta, salasanaa ja riitt\u00e4v\u00e4t k\u00e4ytt\u00f6oikeudet.<\/p>\n\n\n\n<p>Rekisterien sis\u00e4lt\u00e4miin tietoihin p\u00e4\u00e4sev\u00e4t ja niit\u00e4 ovat oikeutettuja k\u00e4ytt\u00e4m\u00e4\u00e4n ainoastaan sellaiset rekisterinpit\u00e4j\u00e4n ennalta m\u00e4\u00e4ritellyt ty\u00f6ntekij\u00e4t ja sopimuskumppanit, joiden toimenkuvaan tietojen k\u00e4sitteleminen kuuluu. N\u00e4it\u00e4 ty\u00f6ntekij\u00f6it\u00e4 ja sopimuskumppaneita sitoo salassapitovelvollisuus.<\/p>\n\n\n\n<p>S\u00e4hk\u00f6isess\u00e4 muodossa olevia tietoja s\u00e4ilytet\u00e4\u00e4n teknisesti suojattuina. Fyysinen p\u00e4\u00e4sy tietoihin on estetty kulunvalvonnan sek\u00e4 muiden toimien avulla. Tietoihin p\u00e4\u00e4sy on rajattu niit\u00e4 ty\u00f6nkuvassaan tarvitseville henkil\u00f6ille. Rekisteritiedot varmuuskopioidaan sopimuskumppaneiden toimesta. Tietoturvan tasoa auditoidaan sis\u00e4isesti toistuvin v\u00e4liajoin.<\/p>\n\n\n\n<p><strong>9. Verkkokaupan ev\u00e4steet<\/strong><\/p>\n\n\n\n<p>Voidaksesi k\u00e4ytt\u00e4\u00e4 verkkokauppaa, internet-selaimessasi tulee olla Java Script- ja Cookie-asetukset aktiivisena. Muutoin esimerkiksi rekister\u00f6ityminen, kirjautuminen ja tuotteen siirt\u00e4minen ostoskoriin ei ole mahdollista.<\/p>\n\n\n\n<p>K\u00e4yt\u00e4mme verkkokaupan k\u00e4yt\u00f6n analysoinnissa Google Analytics \u2013palvelua joka&nbsp;on ilmainen verkkosivujen k\u00e4vij\u00e4seurantaan tarkoitettu palvelu. K\u00e4vij\u00f6ist\u00e4 ker\u00e4tyt tiedot tallentuvat Googlen palvelimelle.&nbsp;Lue lis\u00e4\u00e4&nbsp;Google Analytics&nbsp;-palvelusta.&nbsp;<a href=\"https:\/\/www.google.com\/intl\/fi_ALL\/analytics\/support\/index.html\" target=\"_blank\" rel=\"noreferrer noopener\">Google Analytics<\/a>.<\/p>\n\n\n\n<p><strong>10. Tiedon tarkastusoikeus<\/strong><\/p>\n\n\n\n<p>Rekister\u00f6idyll\u00e4 on oikeus tarkastaa rekisteriin tallennetut itse\u00e4\u00e4n koskevat tiedot ja saada niist\u00e4 kopiot. L\u00e4ht\u00f6kohtaisesti tietojen tarkastus tapahtuu kirjautumalla verkkokauppaan omalla tunnuksella. Tarkempi tarkastuspyynt\u00f6 tulee tehd\u00e4 kirjallisesti ja osoittaa rekisteriasioista vastaavalle taholle (ks. kohta 2).<\/p>\n\n\n\n<p><strong>11. Tiedon korjaaminen<\/strong><\/p>\n\n\n\n<p>Rekisterinpit\u00e4j\u00e4 oikaisee, poistaa tai t\u00e4ydent\u00e4\u00e4 rekisteriss\u00e4 olevan, k\u00e4sittelyn tarkoituksen kannalta virheellisen, tarpeettoman, puutteellisen tai vanhentuneen henkil\u00f6tiedon oma-aloitteisesti tai rekister\u00f6idyn pyynn\u00f6st\u00e4. Rekister\u00f6idyn tulee ottaa kirjallisesti yhteytt\u00e4 rekisterinpit\u00e4j\u00e4n rekisteriasioista vastaavaan&nbsp;tahoon tiedon korjaamiseksi (ks. kohta 2).<\/p>\n\n\n\n<p><strong>12. Kielto-oikeus<\/strong><\/p>\n\n\n\n<p>Rekister\u00f6idyll\u00e4 on oikeus erikseen kielt\u00e4\u00e4 rekisterinpit\u00e4j\u00e4\u00e4 k\u00e4sittelem\u00e4st\u00e4 h\u00e4nt\u00e4 itse\u00e4\u00e4n koskevia tietoja suoramainontaa, et\u00e4myynti\u00e4 ja muuta suoramarkkinointia sek\u00e4 markkina- ja mielipidetutkimusta varten. Kielto tulee tehd\u00e4 kirjallisesti ja osoittaa rekisteriasioista vastaavalle taholle (ks. kohta 2).<\/p>\n","protected":false},"excerpt":{"rendered":"<p>Laadittu 28.10.2023 T\u00e4ll\u00e4 tietosuojaselosteella informoimme asiakkaitamme heid\u00e4n henkil\u00f6tietojensa k\u00e4sittelyst\u00e4. Asiakkaan on luettava ja ymm\u00e4rrett\u00e4v\u00e4 t\u00e4m\u00e4n tietosuojaselosteen ehdot k\u00e4ytt\u00e4\u00e4kseen MakerShopin palveluita. 1. Rekisterinpit\u00e4j\u00e4 MakersShopIhastj\u00e4rventie 40 B50970 Mikkeli, Finlandpuh: +358405597100email: info@makershop.fi 2. Rekisteriasioita hoitava taho MakersShopIhastj\u00e4rventie 40 B50970 Mikkeli, Finlandpuh: +358405597100email: info@makershop.fi 3. Rekisterin nimi MakersShop&nbsp;myyntitilaus- ja asiakasrekisteri. 4. Rekisterin k\u00e4ytt\u00f6tarkoitus Rekisterin tietoja k\u00e4ytet\u00e4\u00e4n tilausten sek\u00e4 asiakassuhteen [&hellip;]<\/p>\n","protected":false},"author":1,"featured_media":0,"parent":0,"menu_order":0,"comment_status":"closed","ping_status":"closed","template":"","meta":{"saved_in_kubio":true,"footnotes":""},"class_list":["post-1507","page","type-page","status-publish","hentry"],"kubio_ai_page_context":{"short_desc":"","purpose":"general"},"_links":{"self":[{"href":"https:\/\/www.makershop.fi\/fi\/wp-json\/wp\/v2\/pages\/1507","targetHints":{"allow":["GET"]}}],"collection":[{"href":"https:\/\/www.makershop.fi\/fi\/wp-json\/wp\/v2\/pages"}],"about":[{"href":"https:\/\/www.makershop.fi\/fi\/wp-json\/wp\/v2\/types\/page"}],"author":[{"embeddable":true,"href":"https:\/\/www.makershop.fi\/fi\/wp-json\/wp\/v2\/users\/1"}],"replies":[{"embeddable":true,"href":"https:\/\/www.makershop.fi\/fi\/wp-json\/wp\/v2\/comments?post=1507"}],"version-history":[{"count":9,"href":"https:\/\/www.makershop.fi\/fi\/wp-json\/wp\/v2\/pages\/1507\/revisions"}],"predecessor-version":[{"id":5630,"href":"https:\/\/www.makershop.fi\/fi\/wp-json\/wp\/v2\/pages\/1507\/revisions\/5630"}],"wp:attachment":[{"href":"https:\/\/www.makershop.fi\/fi\/wp-json\/wp\/v2\/media?parent=1507"}],"curies":[{"name":"wp","href":"https:\/\/api.w.org\/{rel}","templated":true}]}}