{"id":1503,"date":"2023-11-02T17:23:28","date_gmt":"2023-11-02T15:23:28","guid":{"rendered":"https:\/\/www.makershop.fi\/?page_id=1503"},"modified":"2026-01-29T14:48:09","modified_gmt":"2026-01-29T12:48:09","slug":"toimitusehdot","status":"publish","type":"page","link":"https:\/\/www.makershop.fi\/fi\/toimitusehdot\/","title":{"rendered":"Toimitusehdot"},"content":{"rendered":"\n<p>N\u00e4m\u00e4 toimitusehdot ovat voimassa 28.10.2023 alkaen.<\/p>\n\n\n\n<p><strong>1. Tilaaminen<\/strong><\/p>\n\n\n\n<p>Tuotteet tilataan verkkokaupassa siirt\u00e4m\u00e4ll\u00e4 ne ostoskoriin ja maksamalla ostoskorin sis\u00e4lt\u00f6. Kaikki asiakastiedot k\u00e4sitell\u00e4\u00e4n luottamuksellisesti. Tilauksen yhteydess\u00e4 kysyttyj\u00e4 yhteystietoja ei k\u00e4ytet\u00e4 muuhun kuin tilauksen toimitukseen tai siin\u00e4 ilmenevien ep\u00e4selvyyksien selvitt\u00e4miseen, ellei erikseen toisin mainita. Tilatessasi verkkokaupasta sinun edellytet\u00e4\u00e4n tutustuneen ja sitoutuneen kulloinkin voimassa oleviin toimitusehtoihin.<\/p>\n\n\n\n<p><strong>2. Tilaus- ja maksuvahvistus<\/strong><\/p>\n\n\n\n<p>Kun olemme vastaanottaneet tilauksesi, l\u00e4het\u00e4mme sinulle v\u00e4litt\u00f6m\u00e4sti s\u00e4hk\u00f6postilla tilausvahvistuksen, josta n\u00e4kyv\u00e4t tilaustietosi. Tarkasta aina tilausvahvistuksen sis\u00e4lt\u00f6. Jos sinulla on kysytt\u00e4v\u00e4\u00e4, ota heti yhteys asiakaspalveluumme. S\u00e4\u00e4st\u00e4 tilausvahvistus mik\u00e4li joudut ottamaan yhteytt\u00e4 asiakaspalveluun. Asioidessasi asiakaspalvelussa pid\u00e4 aina mahdollinen asiakasnumerosi ja tilausnumerosi saatavilla. Tarkasta aina, ett\u00e4 paketin sis\u00e4lt\u00f6 t\u00e4sm\u00e4\u00e4 tilausvahvistuksessa olevien tuotteiden kanssa.<\/p>\n\n\n\n<p><strong>3. Asiakaspalveluumme saat yhteyden seuraavilla tiedoilla:<\/strong><\/p>\n\n\n\n<p>MakerShop<br>Ihastj\u00e4rventie 40 B<br>50970 Mikkeli<br>+358405597100<br>info@makershop.fi<br><a href=\"https:\/\/www.makershop.fi\/fi\/\">https:\/\/www.makershop.fi<\/a><br>Y-tunnus: 2773224-4<\/p>\n\n\n\n<p><strong>4. Toimitustavat ja -kulut<\/strong><\/p>\n\n\n\n<p>Toimituskulut sis\u00e4lt\u00e4v\u00e4t posti- ja pakkauskulut. Esit\u00e4mme ostoskorissa arvion tulevista toimituskuluista ensisijaisen k\u00e4yt\u00f6ss\u00e4 olevan toimitustavan mukaan. Voit valita kassalla k\u00e4yt\u00f6ss\u00e4 olevista toimitustavoista sinulle parhaiten sopivan vaihtoehdon jonka yhteydess\u00e4 tarkka toimituskulu on esitetty.<\/p>\n\n\n\n<p><strong>5. Toimitusaika<\/strong><\/p>\n\n\n\n<p>Yleisimm\u00e4t toimitusaikamme vaihtelevat tilauksesta ja toimitustavasta riippuen. Varastossa olevat tuotteet pyrit\u00e4\u00e4n l\u00e4hett\u00e4m\u00e4\u00e4n muutaman p\u00e4iv\u00e4n sis\u00e4ll\u00e4, varastosta loppuneiden tuotteiden kohdalla l\u00e4hetysaika on yleens\u00e4 2-4 viikkoa tuotteiden valmistukseen\/toimitukseen menev\u00e4n ajan johdosta.<\/p>\n\n\n\n<p><strong>6. Peruuttamisoikeus<\/strong><\/p>\n\n\n\n<p>Teill\u00e4 on oikeus peruuttaa t\u00e4m\u00e4 sopimus 14 p\u00e4iv\u00e4n kuluessa syyt\u00e4 ilmoittamatta. Peruuttamisen m\u00e4\u00e4r\u00e4aika p\u00e4\u00e4ttyy 14 p\u00e4iv\u00e4n kuluttua siit\u00e4, kun viimeinen tavaraer\u00e4 on vastaanotettu.&nbsp;<strong>Palautettavien tuotteiden tulee olla k\u00e4ytt\u00e4m\u00e4tt\u00f6mi\u00e4 avaamattomissa paketeissaan.<\/strong><\/p>\n\n\n\n<p>Peruuttamisoikeuden k\u00e4ytt\u00e4miseksi teid\u00e4n on ilmoitettava meille p\u00e4\u00e4t\u00f6ksest\u00e4nne peruuttaa sopimus s\u00e4hk\u00f6postilla.<\/p>\n\n\n\n<p><strong>7. Peruuttamisen vaikutukset<\/strong><\/p>\n\n\n\n<p>Jos peruutatte t\u00e4m\u00e4n sopimuksen, palautamme teille kaikki teilt\u00e4 saamamme suoritukset sis\u00e4lt\u00e4en toimituskustannukset, viivytyksett\u00e4 ja joka tapauksessa viimeist\u00e4\u00e4n 14 p\u00e4iv\u00e4n kuluttua peruuttamisilmoituksen saatuamme.&nbsp;<strong>T\u00e4m\u00e4 edellytt\u00e4\u00e4 ett\u00e4 tilatut tuotteet palautetaan kokonaisuudessaan ja tuotteet ovat k\u00e4ytt\u00e4m\u00e4tt\u00f6mi\u00e4 avaamattomissa paketeissaan.<\/strong><\/p>\n\n\n\n<p>Teid\u00e4n on l\u00e4hetett\u00e4v\u00e4 tavarat takaisin viivytyksett\u00e4 ja viimeist\u00e4\u00e4n 14 p\u00e4iv\u00e4n kuluttua peruuttamisilmoituksen tekemisest\u00e4. M\u00e4\u00e4r\u00e4aikaa on noudatettu, jos l\u00e4het\u00e4tte tavarat takaisin ennen kyseisen 14 p\u00e4iv\u00e4n m\u00e4\u00e4r\u00e4ajan p\u00e4\u00e4ttymist\u00e4.<\/p>\n\n\n\n<p><strong>8. Ongelmatilanteet<\/strong><\/p>\n\n\n\n<p>Mik\u00e4li tuote on kadonnut tai vioittunut kuljetuksen aikana tai se ei muuten vastaa tilaustasi, tulee sinun ilmoittaa virheest\u00e4 viimeist\u00e4\u00e4n 14 p\u00e4iv\u00e4n kuluessa kirjallisesti s\u00e4hk\u00f6postilla. Jos paketti on selv\u00e4sti vaurioitunut kuljetuksessa, teid\u00e4n t\u00e4ytyy tehd\u00e4 v\u00e4litt\u00f6m\u00e4sti asiasta reklamaatio valitsemanne toimitustavan kuljetusyhti\u00f6lle.<\/p>\n\n\n\n<p><strong>9. Myyj\u00e4n vastuu<\/strong><\/p>\n\n\n\n<p>Ostajalla ei ole oikeutta vaatia myyj\u00e4lt\u00e4 korvausta mist\u00e4\u00e4n viallisen tavaran aiheuttamista henkil\u00f6- tai esine- tai varallisuusvahingosta mukaan luettuna myyj\u00e4n toimituksen muille osille aiheuttamat vauriot.<\/p>\n\n\n\n<p>Myyj\u00e4 ei ole velvollinen korvaamaan ostajalle toimituksen viiv\u00e4styksest\u00e4 tai tavaran virheest\u00e4 johtuvaa v\u00e4lillist\u00e4 vahinkoa. Myyj\u00e4 ei my\u00f6sk\u00e4\u00e4n vastaa k\u00e4ytetyn toimitustavan palveluntuottajan viiveist\u00e4 tai virheist\u00e4.<\/p>\n\n\n\n<p>Milloin valmistaja tai se, jolta myyj\u00e4 hankkii tavaran, ei ole t\u00e4ytt\u00e4nyt sopimustaan ja myyj\u00e4n toimitus t\u00e4m\u00e4n johdosta viiv\u00e4styy tai j\u00e4\u00e4 t\u00e4ytt\u00e4m\u00e4tt\u00e4, myyj\u00e4 ei ole velvollinen korvaamaan ostajalle t\u00e4st\u00e4 mahdollisesti aiheutunutta vahinkoa.<\/p>\n\n\n\n<p>Toimituksen tai tavaran virheeseen liittyv\u00e4t vaatimukset on teht\u00e4v\u00e4 kirjallisesti 14 p\u00e4iv\u00e4n kuluessa siit\u00e4, kun virhe on havaittu tai olisi pit\u00e4nyt havaita. Toimituksen viiv\u00e4stymiseen perustuvat vaatimukset on teht\u00e4v\u00e4 kirjallisesti 14 p\u00e4iv\u00e4n kuluessa viiv\u00e4styksen p\u00e4\u00e4ttymisest\u00e4 lukien.<\/p>\n","protected":false},"excerpt":{"rendered":"<p>N\u00e4m\u00e4 toimitusehdot ovat voimassa 28.10.2023 alkaen. 1. Tilaaminen Tuotteet tilataan verkkokaupassa siirt\u00e4m\u00e4ll\u00e4 ne ostoskoriin ja maksamalla ostoskorin sis\u00e4lt\u00f6. Kaikki asiakastiedot k\u00e4sitell\u00e4\u00e4n luottamuksellisesti. Tilauksen yhteydess\u00e4 kysyttyj\u00e4 yhteystietoja ei k\u00e4ytet\u00e4 muuhun kuin tilauksen toimitukseen tai siin\u00e4 ilmenevien ep\u00e4selvyyksien selvitt\u00e4miseen, ellei erikseen toisin mainita. Tilatessasi verkkokaupasta sinun edellytet\u00e4\u00e4n tutustuneen ja sitoutuneen kulloinkin voimassa oleviin toimitusehtoihin. 2. Tilaus- ja [&hellip;]<\/p>\n","protected":false},"author":1,"featured_media":0,"parent":0,"menu_order":0,"comment_status":"closed","ping_status":"closed","template":"","meta":{"saved_in_kubio":true,"footnotes":""},"class_list":["post-1503","page","type-page","status-publish","hentry"],"kubio_ai_page_context":{"short_desc":"","purpose":"general"},"_links":{"self":[{"href":"https:\/\/www.makershop.fi\/fi\/wp-json\/wp\/v2\/pages\/1503","targetHints":{"allow":["GET"]}}],"collection":[{"href":"https:\/\/www.makershop.fi\/fi\/wp-json\/wp\/v2\/pages"}],"about":[{"href":"https:\/\/www.makershop.fi\/fi\/wp-json\/wp\/v2\/types\/page"}],"author":[{"embeddable":true,"href":"https:\/\/www.makershop.fi\/fi\/wp-json\/wp\/v2\/users\/1"}],"replies":[{"embeddable":true,"href":"https:\/\/www.makershop.fi\/fi\/wp-json\/wp\/v2\/comments?post=1503"}],"version-history":[{"count":7,"href":"https:\/\/www.makershop.fi\/fi\/wp-json\/wp\/v2\/pages\/1503\/revisions"}],"predecessor-version":[{"id":5631,"href":"https:\/\/www.makershop.fi\/fi\/wp-json\/wp\/v2\/pages\/1503\/revisions\/5631"}],"wp:attachment":[{"href":"https:\/\/www.makershop.fi\/fi\/wp-json\/wp\/v2\/media?parent=1503"}],"curies":[{"name":"wp","href":"https:\/\/api.w.org\/{rel}","templated":true}]}}