{"id":5568,"date":"2026-01-12T16:15:00","date_gmt":"2026-01-12T14:15:00","guid":{"rendered":"https:\/\/www.makershop.fi\/?post_type=product&#038;p=5568"},"modified":"2026-03-10T16:19:44","modified_gmt":"2026-03-10T14:19:44","slug":"makershop-airq","status":"publish","type":"product","link":"https:\/\/www.makershop.fi\/en\/tuotteet\/kotiautomaatio\/makershop\/makershop-airq\/","title":{"rendered":"MakerShop AirQ *TULOSSA*"},"content":{"rendered":"<p>MakerShop AirQ on Home Assistant \/ ESPHome ymp\u00e4rist\u00f6ss\u00e4 k\u00e4ytett\u00e4v\u00e4ksi suunniteltu, ESP32-C5 mikrokontrolleriin perustuva moduuli jolla mittaat kaikki oleellisimmat ilmanlaadun arvot sek\u00e4 n\u00e4et ilmanlaadun pisteytyksen. Ilmanlaadun mittaukset perustuvat Sensirionin SEN66 anturiin.<\/p>\n<p>Moduuli k\u00e4ytt\u00e4\u00e4 ESP32-C5-WROOM-1U-N8-R8 kontrolleria ja siit\u00e4 l\u00f6ytyy mahdollisuus k\u00e4ytt\u00e4\u00e4 joko levyll\u00e4 olevaa antennia (v\u00e4lijohto) tai ulkoista antennia.<\/p>\n<p>Yhteys esim. Home Assistant-j\u00e4rjestelm\u00e4\u00e4n muodostetaan WiFill\u00e4, mutta my\u00f6hemmin laitteeseen on tulossa my\u00f6s ZigBee-mahdollisuus.<\/p>\n<p>Optiona laitteeseen saa lis\u00e4levyll\u00e4 433\/868MHz LoRa:n, jolla se voidaan yhdist\u00e4\u00e4 Home Assistanttiin LoRa-yhteytt\u00e4 tukevan tukiaseman kautta ja LTE-yhteyden, joka mahdollistaa arvojen l\u00e4hetyksen omaan pilveen ja\/tai kotona olevaan j\u00e4rjestelm\u00e4\u00e4n vaikka m\u00f6kilt\u00e4.<\/p>\n<p>MakerShop AirQ sis\u00e4lt\u00e4\u00e4 my\u00f6s l\u00e4sn\u00e4olo-anturin sek\u00e4 valoisuusanturin joiden avulla voi ohjata vaikka tilan valoja ja ilmanvaihtoa ym.<\/p>\n<p><strong>Speksit:<\/strong><\/p>\n<ul>\n<li>ESP32-C5 Mikrokontrolleri (ESP32-C5-WROOM-1U-N8-R8)<\/li>\n<li>32-bit RISC-V 240MHz<\/li>\n<li>2.4GHz and 5 GHz dual-band Wi-Fi 6<\/li>\n<li>Bluetooth 5 (LE), Zigbee ja Thread (802.15.4)<\/li>\n<li>Flash 8MB<\/li>\n<li>RAM 8MB<\/li>\n<\/ul>\n<p><strong>Yhteydet:<\/strong><\/p>\n<ul>\n<li>WiFi 6 dual band, 2.4GHz ja 5GHz<\/li>\n<li>Bluetooth 5 (LE), Zigbee ja Thread (802.15.4)<\/li>\n<li>Ethernet<\/li>\n<li>LoRa (optio)<\/li>\n<li>LTE (optio)<\/li>\n<\/ul>\n<p><strong>Anturitiedot:<\/strong><\/p>\n<ul>\n<li>Partikkelit 1\/2.5\/4\/10<\/li>\n<li>VOC Index<\/li>\n<li>NOx Index<\/li>\n<li>CO2<\/li>\n<li>L\u00e4mp\u00f6tila<\/li>\n<li>Suhteellinen ilmankosteus<\/li>\n<li>Ilmanpaine<\/li>\n<li>L\u00e4sn\u00e4olo-anturi (HLK-LD2420)<\/li>\n<li>Valoisuusanturi (VEML7700)<\/li>\n<\/ul>\n<p><strong>Virransy\u00f6tt\u00f6:<\/strong><\/p>\n<ul>\n<li>USB<\/li>\n<li>POE+<\/li>\n<\/ul>\n<p>Laite tulee 3D-tulostetussa kotelossa<\/p>\n<p>Tuotetietoja p\u00e4ivitet\u00e4\u00e4n ja tarkennetaan my\u00f6s viel\u00e4 ja ohjeita ym. lis\u00e4ill\u00e4\u00e4n. Mit\u00e4 tahansa kysymyksi\u00e4 ilmenee, olethan yhteydess\u00e4 info@makershop.fi<\/p>\n<p>&nbsp;<\/p>\n<p><strong>HUOM! Toistaiseksi ominaisuudet ja hinta ovat hieman suuntaa-antavia ja saattavat muuttua kun j\u00e4rjestelm\u00e4n suunnittelu ja testaus on saatu p\u00e4\u00e4t\u00f6kseen!<\/strong><\/p>","protected":false},"excerpt":{"rendered":"<p>MakerShop AirQ on Home Assistant \/ ESPHome ymp\u00e4rist\u00f6ss\u00e4 k\u00e4ytett\u00e4v\u00e4ksi suunniteltu, ESP32-C5 mikrokontrolleriin perustuva moduuli jolla mittaat kaikki oleellisimmat ilmanlaadun arvot sek\u00e4 n\u00e4et ilmanlaadun pisteytyksen. Ilmanlaadun mittaukset perustuvat Sensirionin SEN66 anturiin. Moduuli k\u00e4ytt\u00e4\u00e4 ESP32-C5-WROOM-1U-N8-R8 kontrolleria ja siit\u00e4 l\u00f6ytyy mahdollisuus k\u00e4ytt\u00e4\u00e4 joko levyll\u00e4 olevaa antennia (v\u00e4lijohto) tai ulkoista antennia. Yhteys esim. Home Assistant-j\u00e4rjestelm\u00e4\u00e4n muodostetaan WiFill\u00e4, mutta my\u00f6hemmin [&hellip;]<\/p>\n","protected":false},"featured_media":5586,"comment_status":"open","ping_status":"closed","template":"","meta":{"saved_in_kubio":false},"product_brand":[],"product_cat":[301],"product_tag":[],"class_list":{"0":"post-5568","1":"product","2":"type-product","3":"status-publish","4":"has-post-thumbnail","6":"product_cat-makershop","8":"first","9":"outofstock","10":"taxable","11":"shipping-taxable","12":"purchasable","13":"product-type-simple"},"_links":{"self":[{"href":"https:\/\/www.makershop.fi\/en\/wp-json\/wp\/v2\/product\/5568","targetHints":{"allow":["GET"]}}],"collection":[{"href":"https:\/\/www.makershop.fi\/en\/wp-json\/wp\/v2\/product"}],"about":[{"href":"https:\/\/www.makershop.fi\/en\/wp-json\/wp\/v2\/types\/product"}],"replies":[{"embeddable":true,"href":"https:\/\/www.makershop.fi\/en\/wp-json\/wp\/v2\/comments?post=5568"}],"wp:featuredmedia":[{"embeddable":true,"href":"https:\/\/www.makershop.fi\/en\/wp-json\/wp\/v2\/media\/5586"}],"wp:attachment":[{"href":"https:\/\/www.makershop.fi\/en\/wp-json\/wp\/v2\/media?parent=5568"}],"wp:term":[{"taxonomy":"product_brand","embeddable":true,"href":"https:\/\/www.makershop.fi\/en\/wp-json\/wp\/v2\/product_brand?post=5568"},{"taxonomy":"product_cat","embeddable":true,"href":"https:\/\/www.makershop.fi\/en\/wp-json\/wp\/v2\/product_cat?post=5568"},{"taxonomy":"product_tag","embeddable":true,"href":"https:\/\/www.makershop.fi\/en\/wp-json\/wp\/v2\/product_tag?post=5568"}],"curies":[{"name":"wp","href":"https:\/\/api.w.org\/{rel}","templated":true}]}}