{"id":5567,"date":"2026-01-12T15:50:04","date_gmt":"2026-01-12T13:50:04","guid":{"rendered":"https:\/\/www.makershop.fi\/?post_type=product&#038;p=5567"},"modified":"2026-01-22T18:07:27","modified_gmt":"2026-01-22T16:07:27","slug":"makershop-p1-meter","status":"publish","type":"product","link":"https:\/\/www.makershop.fi\/en\/tuotteet\/kotiautomaatio\/makershop\/makershop-p1-meter\/","title":{"rendered":"MakerShop P1 Meter *TULOSSA*"},"content":{"rendered":"<p>MakerShop MultiSensor on Home Assistant \/ ESPHome ymp\u00e4rist\u00f6ss\u00e4 k\u00e4ytett\u00e4v\u00e4ksi suunniteltu, ESP32-C5 mikrokontrolleriin perustuva moduuli jolla voi lukea s\u00e4hk\u00f6nkulutustietoja s\u00e4hk\u00f6mittarin HAN-portista.<\/p>\n<p>Moduuli k\u00e4ytt\u00e4\u00e4 ESP32-C5-WROOM-1U-N8-R8 kontrolleria ja siit\u00e4 l\u00f6ytyy mahdollisuus k\u00e4ytt\u00e4\u00e4 joko levyll\u00e4 olevaa antennia (v\u00e4lijohto) tai ulkoista antennia.<\/p>\n<p>Toistaiseksi yhteys esim. Home Assistant-j\u00e4rjestelm\u00e4\u00e4n muodostetaan WiFill\u00e4, mutta my\u00f6hemmin laitteeseen on tulossa my\u00f6s ZigBee-mahdollisuus. Laitteessa on my\u00f6s 433\/868MHz LoRa-valmius jolla se voidaan my\u00f6s yhdist\u00e4\u00e4 Home Assistanttiin yhteytt\u00e4 tukevan tukiaseman kautta.<\/p>\n<p>Moduuli mittaa samalla my\u00f6s tilan l\u00e4mp\u00f6tilaa, suhteellista ilmankosteutta ja painetta.<\/p>\n<p><strong>Speksit:<\/strong><\/p>\n<ul>\n<li>ESP32-C5 Mikrokontrolleri (ESP32-C5-WROOM-1U-N8-R8)<\/li>\n<li>32-bit RISC-V 160MHz<\/li>\n<li>2.4GHz and 5 GHz dual-band Wi-Fi 6<\/li>\n<li>Bluetooth 5 (LE), Zigbee ja Thread (802.15.4)<\/li>\n<li>Flash 8MB<\/li>\n<li>RAM 8MB<\/li>\n<\/ul>\n<p><strong>Yhteydet:<\/strong><\/p>\n<ul>\n<li>WiFi 6 dual band, 2.4GHz ja 5GHz<\/li>\n<li>Bluetooth 5 (LE), Zigbee ja Thread (802.15.4)<\/li>\n<li>LoRa<\/li>\n<\/ul>\n<p><strong>Anturitiedot:<\/strong><\/p>\n<ul>\n<li>L\u00e4mp\u00f6tila<\/li>\n<li>Suhteellinen ilmankosteus<\/li>\n<li>Ilmanpaine<\/li>\n<\/ul>\n<p>Laite tulee 3D-tulostetussa kotelossa<\/p>\n<p>Tuotetietoja p\u00e4ivitet\u00e4\u00e4n ja tarkennetaan my\u00f6s viel\u00e4 ja ohjeita ym. lis\u00e4ill\u00e4\u00e4n. Mit\u00e4 tahansa kysymyksi\u00e4 ilmenee, olethan yhteydess\u00e4 info@makershop.fi<\/p>\n<p>&nbsp;<\/p>\n<p><strong>HUOM! Toistaiseksi ominaisuudet ja hinta ovat hieman suuntaa-antavia ja saattavat muuttua kun j\u00e4rjestelm\u00e4n suunnittelu ja testaus on saatu p\u00e4\u00e4t\u00f6kseen!<\/strong><\/p>","protected":false},"excerpt":{"rendered":"<p>MakerShop MultiSensor on Home Assistant \/ ESPHome ymp\u00e4rist\u00f6ss\u00e4 k\u00e4ytett\u00e4v\u00e4ksi suunniteltu, ESP32-C5 mikrokontrolleriin perustuva moduuli jolla voi lukea s\u00e4hk\u00f6nkulutustietoja s\u00e4hk\u00f6mittarin HAN-portista. Moduuli k\u00e4ytt\u00e4\u00e4 ESP32-C5-WROOM-1U-N8-R8 kontrolleria ja siit\u00e4 l\u00f6ytyy mahdollisuus k\u00e4ytt\u00e4\u00e4 joko levyll\u00e4 olevaa antennia (v\u00e4lijohto) tai ulkoista antennia. Toistaiseksi yhteys esim. Home Assistant-j\u00e4rjestelm\u00e4\u00e4n muodostetaan WiFill\u00e4, mutta my\u00f6hemmin laitteeseen on tulossa my\u00f6s ZigBee-mahdollisuus. Laitteessa on my\u00f6s 433\/868MHz [&hellip;]<\/p>\n","protected":false},"featured_media":5589,"comment_status":"open","ping_status":"closed","template":"","meta":{"saved_in_kubio":false},"product_brand":[],"product_cat":[301],"product_tag":[],"class_list":{"0":"post-5567","1":"product","2":"type-product","3":"status-publish","4":"has-post-thumbnail","6":"product_cat-makershop","8":"first","9":"outofstock","10":"taxable","11":"shipping-taxable","12":"purchasable","13":"product-type-simple"},"_links":{"self":[{"href":"https:\/\/www.makershop.fi\/en\/wp-json\/wp\/v2\/product\/5567","targetHints":{"allow":["GET"]}}],"collection":[{"href":"https:\/\/www.makershop.fi\/en\/wp-json\/wp\/v2\/product"}],"about":[{"href":"https:\/\/www.makershop.fi\/en\/wp-json\/wp\/v2\/types\/product"}],"replies":[{"embeddable":true,"href":"https:\/\/www.makershop.fi\/en\/wp-json\/wp\/v2\/comments?post=5567"}],"wp:featuredmedia":[{"embeddable":true,"href":"https:\/\/www.makershop.fi\/en\/wp-json\/wp\/v2\/media\/5589"}],"wp:attachment":[{"href":"https:\/\/www.makershop.fi\/en\/wp-json\/wp\/v2\/media?parent=5567"}],"wp:term":[{"taxonomy":"product_brand","embeddable":true,"href":"https:\/\/www.makershop.fi\/en\/wp-json\/wp\/v2\/product_brand?post=5567"},{"taxonomy":"product_cat","embeddable":true,"href":"https:\/\/www.makershop.fi\/en\/wp-json\/wp\/v2\/product_cat?post=5567"},{"taxonomy":"product_tag","embeddable":true,"href":"https:\/\/www.makershop.fi\/en\/wp-json\/wp\/v2\/product_tag?post=5567"}],"curies":[{"name":"wp","href":"https:\/\/api.w.org\/{rel}","templated":true}]}}