{"id":4846,"date":"2024-05-25T09:32:07","date_gmt":"2024-05-25T07:32:07","guid":{"rendered":"https:\/\/www.makershop.fi\/?post_type=product&#038;p=4846"},"modified":"2026-01-20T21:03:45","modified_gmt":"2026-01-20T19:03:45","slug":"makershop-multisensor","status":"publish","type":"product","link":"https:\/\/www.makershop.fi\/en\/tuotteet\/kotiautomaatio\/makershop\/makershop-multisensor\/","title":{"rendered":"MakerShop MultiSensor"},"content":{"rendered":"<p>MakerShop MultiSensor on Home Assistant \/ ESPHome ymp\u00e4rist\u00f6ss\u00e4 k\u00e4ytett\u00e4v\u00e4ksi suunniteltu, ESP32-C5 mikrokontrolleriin perustuva moduuli joka sis\u00e4lt\u00e4\u00e4 mahdollisuuden suoraan k\u00e4ytt\u00e4\u00e4 HLK-LD2410 \/ LD2410C \/ LD2420 \/ LD2450 l\u00e4sn\u00e4olotunnistimia, I2C-v\u00e4yl\u00e4isi\u00e4 antureita, SPI-v\u00e4yl\u00e4ist\u00e4 ADS1220 A\/D muunninta, Dallas DS18B20 l\u00e4mp\u00f6tila-anturia, MQ-pohjaisia kaasuantureita sek\u00e4 SPI \/ I2C-v\u00e4yl\u00e4ist\u00e4 n\u00e4ytt\u00f6\u00e4 (t\u00e4ll\u00e4 hetkell\u00e4 testattu ja kotelon raakaversioon sovitettu 1.9&#8243; TFT SPI-v\u00e4yl\u00e4ll\u00e4). Tai l\u00e4hes mit\u00e4 tahansa sitten keksiikin. Moduulissa on my\u00f6s 5v signaalitason UART-v\u00e4yl\u00e4, jolla voi ohjata vaikka ilmal\u00e4mp\u00f6pumppua joissa on mahdollisuus UART-pohjaiseen ohjaukseen (Mitsu, Panasonic, Midea ym.). Moduuliin on my\u00f6s mahdollista liitt\u00e4\u00e4 esim. PIR anturi liikkeen tunnistusta varten valojen ym. ohjaukseen.<\/p>\n<p>Moduuli k\u00e4ytt\u00e4\u00e4 ESP32-C5-WROOM-1U-N8-R8 kontrolleria ja siit\u00e4 l\u00f6ytyy mahdollisuus k\u00e4ytt\u00e4\u00e4 joko levyll\u00e4 olevaa antennia (v\u00e4lijohto) tai ulkoista antennia.<\/p>\n<p>Toistaiseksi yhteys esim. HA-j\u00e4rjestelm\u00e4\u00e4n muodostetaan WiFill\u00e4, mutta my\u00f6hemmin laitteesta on tulossa my\u00f6s ZigBee-versio.<\/p>\n<p><strong>HUOM!<\/strong> ESP32-C5 on suhteellisen &#8221;tuore&#8221; kontrolleri ESPHomen n\u00e4k\u00f6kulmasta ja siin\u00e4 joutuu toistaiseksi viel\u00e4 tekem\u00e4\u00e4n joitain manuaalisia muutoksia jotta kaikki ominaisuudet toimivat.<\/p>\n<p><strong>Speksit:<\/strong><\/p>\n<ul>\n<li>ESP32-C5 Mikrokontrolleri (ESP32-C5-WROOM-1U-N8-R8)<\/li>\n<li>32-bit RISC-V 240MHz<\/li>\n<li>2.4 and 5 GHz dual-band Wi-Fi 6<\/li>\n<li>Bluetooth 5 (LE), Zigbee ja Thread (802.15.4)<\/li>\n<li>Flash 8MB<\/li>\n<li>RAM 8MB<\/li>\n<\/ul>\n<p><strong>Liit\u00e4nn\u00e4t:<\/strong><\/p>\n<ul>\n<li>9x I2C (3x kiinte\u00e4\u00e4 anturipaikkaa)<\/li>\n<li>2x SPI (ADS1220, N\u00e4ytt\u00f6 jne.)<\/li>\n<li>1x Dallas DS18B20 (Kaksi liit\u00e4nt\u00e4\u00e4, k\u00e4ytt\u00e4\u00e4 samaa datalinjaa)<\/li>\n<li>1x MQ-pohjaisille kaasuantureille (2x 3.3v IO-pinni\u00e4 joita voidaan k\u00e4ytt\u00e4\u00e4 my\u00f6s mihin tahansa muuhun tarkoitukseen)<\/li>\n<li>5v UART (2x 5v IO-pinni\u00e4 joita voidaan k\u00e4ytt\u00e4\u00e4 my\u00f6s mihin tahansa muuhun tarkoitukseen)<\/li>\n<\/ul>\n<p><strong>Sis\u00e4lt\u00e4\u00e4:<\/strong><\/p>\n<ul>\n<li>MultiSensor-levyn<\/li>\n<li>V\u00e4likaapeli sis\u00e4iselle antennille<\/li>\n<\/ul>\n<p>Laitte tulee 3D-tulostetussa kotelossa.<\/p>\n<p>Tuotetietoja p\u00e4ivitet\u00e4\u00e4n ja tarkennetaan my\u00f6s viel\u00e4 ja ohjeita ym. lis\u00e4ill\u00e4\u00e4n. Mit\u00e4 tahansa kysymyksi\u00e4 ilmenee, olethan yhteydess\u00e4 info@makershop.fi<\/p>\n<p>&nbsp;<\/p>\n<p><strong>HUOM! Toistaiseksi ominaisuudet ja hinta ovat hieman suuntaa-antavia ja saattavat muuttua kun j\u00e4rjestelm\u00e4n suunnittelu ja testaus on saatu p\u00e4\u00e4t\u00f6kseen!<\/strong><\/p>","protected":false},"excerpt":{"rendered":"<p>MakerShop MultiSensor on Home Assistant \/ ESPHome ymp\u00e4rist\u00f6ss\u00e4 k\u00e4ytett\u00e4v\u00e4ksi suunniteltu, ESP32-C5 mikrokontrolleriin perustuva moduuli joka sis\u00e4lt\u00e4\u00e4 mahdollisuuden suoraan k\u00e4ytt\u00e4\u00e4 HLK-LD2410 \/ LD2410C \/ LD2420 \/ LD2450 l\u00e4sn\u00e4olotunnistimia, I2C-v\u00e4yl\u00e4isi\u00e4 antureita, SPI-v\u00e4yl\u00e4ist\u00e4 ADS1220 A\/D muunninta, Dallas DS18B20 l\u00e4mp\u00f6tila-anturia, MQ-pohjaisia kaasuantureita sek\u00e4 SPI \/ I2C-v\u00e4yl\u00e4ist\u00e4 n\u00e4ytt\u00f6\u00e4 (t\u00e4ll\u00e4 hetkell\u00e4 testattu ja kotelon raakaversioon sovitettu 1.9&#8243; TFT SPI-v\u00e4yl\u00e4ll\u00e4). Tai l\u00e4hes [&hellip;]<\/p>\n","protected":false},"featured_media":5590,"comment_status":"open","ping_status":"closed","template":"","meta":{"saved_in_kubio":false},"product_brand":[],"product_cat":[301],"product_tag":[],"class_list":{"0":"post-4846","1":"product","2":"type-product","3":"status-publish","4":"has-post-thumbnail","6":"product_cat-makershop","7":"product_shipping_class-light-goods","9":"first","10":"onbackorder","11":"taxable","12":"shipping-taxable","13":"purchasable","14":"product-type-simple"},"_links":{"self":[{"href":"https:\/\/www.makershop.fi\/en\/wp-json\/wp\/v2\/product\/4846","targetHints":{"allow":["GET"]}}],"collection":[{"href":"https:\/\/www.makershop.fi\/en\/wp-json\/wp\/v2\/product"}],"about":[{"href":"https:\/\/www.makershop.fi\/en\/wp-json\/wp\/v2\/types\/product"}],"replies":[{"embeddable":true,"href":"https:\/\/www.makershop.fi\/en\/wp-json\/wp\/v2\/comments?post=4846"}],"wp:featuredmedia":[{"embeddable":true,"href":"https:\/\/www.makershop.fi\/en\/wp-json\/wp\/v2\/media\/5590"}],"wp:attachment":[{"href":"https:\/\/www.makershop.fi\/en\/wp-json\/wp\/v2\/media?parent=4846"}],"wp:term":[{"taxonomy":"product_brand","embeddable":true,"href":"https:\/\/www.makershop.fi\/en\/wp-json\/wp\/v2\/product_brand?post=4846"},{"taxonomy":"product_cat","embeddable":true,"href":"https:\/\/www.makershop.fi\/en\/wp-json\/wp\/v2\/product_cat?post=4846"},{"taxonomy":"product_tag","embeddable":true,"href":"https:\/\/www.makershop.fi\/en\/wp-json\/wp\/v2\/product_tag?post=4846"}],"curies":[{"name":"wp","href":"https:\/\/api.w.org\/{rel}","templated":true}]}}